{"id":91,"date":"2016-02-10T21:22:03","date_gmt":"2016-02-11T00:22:03","guid":{"rendered":"https:\/\/jeancamillo.com.br\/seguros\/?page_id=91"},"modified":"2023-05-22T21:40:05","modified_gmt":"2023-05-23T00:40:05","slug":"saude","status":"publish","type":"page","link":"https:\/\/jeancamillo.com.br\/seguros\/saude\/","title":{"rendered":"SA\u00daDE"},"content":{"rendered":"\n<!--<center>\n<img decoding=\"async\" src=\"https:\/\/jeancamillo.com.br\/seguros\/wp-content\/uploads\/2019\/05\/Saude-1000x288.png\">\n<\/center>-->\n\n\n\n<table class=\"wp-block-table alignleft has-fixed-layout\"><tbody  bgcolor=\"1ABC9C\"><tr>\n<td width=\"50%\"> \u00a0 \n\n<center>\n<img decoding=\"async\" src=\"https:\/\/jeancamillo.com.br\/seguros\/wp-content\/uploads\/2023\/05\/plano-melhor.png\">\n<\/center>\n<\/br>\n\n<p style=\"font-size:30px;text-align:justifi\">\n<b>\n<\/br> \nPreencha os dados ao lado e veja o valor do seu plano!\n<\/br>\nFa\u00e7a uma cota\u00e7\u00e3o sem compromisso.\n<\/br>\n<\/b><\/p>\n\n<!--\n <p style=\"font-size:30px;text-align:justifi\">\n\nFazer um plano de sa\u00fade \u00e9 uma necessidade vital para seguran\u00e7a e tranquilidade da fam\u00edlia.\n<\/br> \nPreencha os dados ao lado e veja o valor do seu plano!\n<\/br>\nFa\u00e7a uma cota\u00e7\u00e3o sem compromisso.\n<\/br>\nConsulte os valores de acordo com sua idade e quantidade de pessoas. \n<\/p><\/br> \n-->\n<\/td>\n\n<td width=\"50%\"><\/br>\n<center>\n<div class=\"wpforms-container wpforms-container-full wpforms-render-modern\" id=\"wpforms-2164\"><form id=\"wpforms-form-2164\" class=\"wpforms-validate wpforms-form wpforms-ajax-form\" data-formid=\"2164\" method=\"post\" enctype=\"multipart\/form-data\" action=\"\/seguros\/wp-json\/wp\/v2\/pages\/91\" data-token=\"a16fc9ac9a63abe1c4d021f313a07d82\"><noscript class=\"wpforms-error-noscript\">Ative o JavaScript no seu navegador para preencher este formul\u00e1rio.<\/noscript><div class=\"wpforms-hidden\" id=\"wpforms-error-noscript\">Ative o JavaScript no seu navegador para preencher este formul\u00e1rio.<\/div><div class=\"wpforms-field-container\"><div id=\"wpforms-2164-field_1-container\" class=\"wpforms-field wpforms-field-text\" data-field-id=\"1\"><label class=\"wpforms-field-label\" for=\"wpforms-2164-field_1\">Nome <span class=\"wpforms-required-label\" aria-hidden=\"true\">*<\/span><\/label><input type=\"text\" id=\"wpforms-2164-field_1\" class=\"wpforms-field-medium wpforms-field-required\" name=\"wpforms[fields][1]\" aria-errormessage=\"wpforms-2164-field_1-error\" required><\/div><div id=\"wpforms-2164-field_3-container\" class=\"wpforms-field wpforms-field-text\" data-field-id=\"3\"><label class=\"wpforms-field-label\" for=\"wpforms-2164-field_3\">Telefone ou Whatsapp <span class=\"wpforms-required-label\" aria-hidden=\"true\">*<\/span><\/label><input type=\"text\" id=\"wpforms-2164-field_3\" class=\"wpforms-field-medium wpforms-field-required\" name=\"wpforms[fields][3]\" aria-errormessage=\"wpforms-2164-field_3-error\" required><\/div><div id=\"wpforms-2164-field_6-container\" class=\"wpforms-field wpforms-field-email\" data-field-id=\"6\"><label class=\"wpforms-field-label\" for=\"wpforms-2164-field_6\">E-mail <span class=\"wpforms-required-label\" aria-hidden=\"true\">*<\/span><\/label><input type=\"email\" id=\"wpforms-2164-field_6\" class=\"wpforms-field-medium wpforms-field-required\" name=\"wpforms[fields][6]\" spellcheck=\"false\" aria-errormessage=\"wpforms-2164-field_6-error\" required><\/div><div id=\"wpforms-2164-field_4-container\" class=\"wpforms-field wpforms-field-select wpforms-field-select-style-classic\" data-field-id=\"4\"><label class=\"wpforms-field-label\" for=\"wpforms-2164-field_4\">Para quantas pessoas quer o plano? <span class=\"wpforms-required-label\" aria-hidden=\"true\">*<\/span><\/label><select id=\"wpforms-2164-field_4\" class=\"wpforms-field-medium wpforms-field-required\" name=\"wpforms[fields][4]\" required=\"required\"><option value=\"Apenas eu\"  selected='selected'>Apenas eu<\/option><option value=\"Mais pessoas\" >Mais pessoas<\/option><\/select><\/div><div id=\"wpforms-2164-field_9-container\" class=\"wpforms-field wpforms-field-select wpforms-field-select-style-classic\" data-field-id=\"9\"><label class=\"wpforms-field-label\" for=\"wpforms-2164-field_9\">Voc\u00ea tem CNPJ (empresa constitu\u00edda)<\/label><select id=\"wpforms-2164-field_9\" class=\"wpforms-field-medium\" name=\"wpforms[fields][9]\"><option value=\"Sim\" >Sim<\/option><option value=\"Nao\" >Nao<\/option><\/select><\/div><div id=\"wpforms-2164-field_10-container\" class=\"wpforms-field wpforms-field-select wpforms-field-select-style-classic\" data-field-id=\"10\"><label class=\"wpforms-field-label\" for=\"wpforms-2164-field_10\">Voc\u00ea j\u00e1 tem ou teve algum plano de sa\u00fade?<\/label><select id=\"wpforms-2164-field_10\" class=\"wpforms-field-medium\" name=\"wpforms[fields][10]\"><option value=\"Sim\" >Sim<\/option><option value=\"Nao\" >Nao<\/option><\/select><\/div><\/div><!-- .wpforms-field-container --><div class=\"wpforms-submit-container\" ><input type=\"hidden\" name=\"wpforms[id]\" value=\"2164\"><input type=\"hidden\" name=\"wpforms[author]\" value=\"1\"><button type=\"submit\" name=\"wpforms[submit]\" id=\"wpforms-submit-2164\" class=\"wpforms-submit\" data-alt-text=\"Enviando\u2026\" data-submit-text=\"Veja o Valor\" aria-live=\"assertive\" value=\"wpforms-submit\">Veja o Valor<\/button><img decoding=\"async\" src=\"https:\/\/jeancamillo.com.br\/seguros\/wp-content\/plugins\/wpforms-lite\/assets\/images\/submit-spin.svg\" class=\"wpforms-submit-spinner\" style=\"display: none;\" width=\"26\" height=\"26\" alt=\"A Carregar\"><\/div><\/form><\/div>  <!-- .wpforms-container -->\n<!--\n<iframe src=\"https:\/\/docs.google.com\/forms\/d\/e\/1FAIpQLSdbxExtSSJTT4eWKhVWCJApv0p1U5tGgWqLBi8hle2_wGkD8Q\/viewform?embedded=true\" width=\"640\" height=\"1080\" frameborder=\"0\" marginheight=\"0\" SCROLLING=\"NO\" marginwidth=\"0\">Carregando\u2026<\/iframe>-->\n<!--<b> Clique aqui e simule seu plano agora!<\/b>-->\n<\/center>\n<\/td><\/p><\/tr><\/tbody><\/table>\n\n\n\n<center>\n<img decoding=\"async\" src=\"https:\/\/jeancamillo.com.br\/seguros\/wp-content\/uploads\/2019\/05\/Saude-1000x288.png\">\n<!--\n\n-->\n<\/center>\n","protected":false},"excerpt":{"rendered":"<p>\u00a0 Preencha os dados ao lado e veja o valor do seu plano! Fa\u00e7a uma cota\u00e7\u00e3o sem compromisso.<\/p>\n","protected":false},"author":1,"featured_media":2132,"parent":0,"menu_order":5,"comment_status":"closed","ping_status":"closed","template":"","meta":{"site-sidebar-layout":"default","site-content-layout":"default","ast-global-header-display":"","ast-banner-title-visibility":"","ast-main-header-display":"","ast-hfb-above-header-display":"","ast-hfb-below-header-display":"","ast-hfb-mobile-header-display":"","site-post-title":"disabled","ast-breadcrumbs-content":"","ast-featured-img":"disabled","footer-sml-layout":"","theme-transparent-header-meta":"default","adv-header-id-meta":"","stick-header-meta":"","header-above-stick-meta":"","header-main-stick-meta":"","header-below-stick-meta":"","ngg_post_thumbnail":0,"footnotes":""},"class_list":["post-91","page","type-page","status-publish","has-post-thumbnail","hentry"],"_links":{"self":[{"href":"https:\/\/jeancamillo.com.br\/seguros\/wp-json\/wp\/v2\/pages\/91","targetHints":{"allow":["GET"]}}],"collection":[{"href":"https:\/\/jeancamillo.com.br\/seguros\/wp-json\/wp\/v2\/pages"}],"about":[{"href":"https:\/\/jeancamillo.com.br\/seguros\/wp-json\/wp\/v2\/types\/page"}],"author":[{"embeddable":true,"href":"https:\/\/jeancamillo.com.br\/seguros\/wp-json\/wp\/v2\/users\/1"}],"replies":[{"embeddable":true,"href":"https:\/\/jeancamillo.com.br\/seguros\/wp-json\/wp\/v2\/comments?post=91"}],"version-history":[{"count":91,"href":"https:\/\/jeancamillo.com.br\/seguros\/wp-json\/wp\/v2\/pages\/91\/revisions"}],"predecessor-version":[{"id":2172,"href":"https:\/\/jeancamillo.com.br\/seguros\/wp-json\/wp\/v2\/pages\/91\/revisions\/2172"}],"wp:featuredmedia":[{"embeddable":true,"href":"https:\/\/jeancamillo.com.br\/seguros\/wp-json\/wp\/v2\/media\/2132"}],"wp:attachment":[{"href":"https:\/\/jeancamillo.com.br\/seguros\/wp-json\/wp\/v2\/media?parent=91"}],"curies":[{"name":"wp","href":"https:\/\/api.w.org\/{rel}","templated":true}]}}