{"id":516,"date":"2018-12-17T11:26:49","date_gmt":"2018-12-17T14:26:49","guid":{"rendered":"https:\/\/jeancamillo.com.br\/seguros\/?page_id=516"},"modified":"2024-02-24T14:32:00","modified_gmt":"2024-02-24T17:32:00","slug":"re-empresa_equipamentos","status":"publish","type":"page","link":"https:\/\/jeancamillo.com.br\/seguros\/re-empresa_equipamentos\/","title":{"rendered":"RE"},"content":{"rendered":"\n<h1 class=\"wp-block-heading has-text-align-center\"><strong>Ter um Seguro Residencial ou Empresarial<br>Custa Menos do que Voc\u00ea Imagina!<\/strong><\/h1>\n\n\n\n<div class=\"inherit-container-width wp-block-group is-layout-constrained wp-block-group-is-layout-constrained\"><div class=\"wp-block-group__inner-container\">\n<div class=\"wp-block-columns is-layout-flex wp-container-core-columns-is-layout-28f84493 wp-block-columns-is-layout-flex\">\n<div class=\"wp-block-column is-layout-flow wp-block-column-is-layout-flow\" style=\"flex-basis:100%\">\n<figure class=\"wp-block-table aligncenter\">\n<table border=\"0\";><tbody><tr>\n<td><a href=\"https:\/\/forms.gle\/w3k7ho4coLNEMASJ9\" target=\"_blank\" rel=\"noopener\"><img decoding=\"async\" style=\"vertical-align: middle;\" src=\"https:\/\/jeancamillo.com.br\/seguros\/wp-content\/uploads\/2021\/01\/167082-seguro-residencial-entenda-de-uma-vez-por-todas-como-ele-funciona-770x400-edited.jpg\" width=\"300\"><\/a><\/td> \n\n<td><a href=\"https:\/\/forms.gle\/MXCWsjFme1pH2H8U9\" target=\"_blank\" rel=\"noopener\"><!-- link RE--><img decoding=\"async\" src=\"https:\/\/jeancamillo.com.br\/seguros\/wp-content\/uploads\/2024\/02\/Equipamentos.jpg\" width=\"400\"><\/a>\n<\/td><\/tr><\/tbody><\/table><\/figure>\n<\/div>\n<\/div>\n<\/div><\/div>\n\n\n\n<h2 class=\"wp-block-heading has-text-align-center\">O que pouca gente sabe \u00e9 que \u00e9 poss\u00edvel preservar seu patrim\u00f4nio contratando um seguro a um custo bastante acess\u00edvel.<br><strong><mark style=\"background-color:rgba(0, 0, 0, 0)\" class=\"has-inline-color has-luminous-vivid-orange-color\">Ent\u00e3o, quanto custa um seguro?<\/mark><\/strong><\/h2>\n\n\n\n<p class=\"has-text-align-center\">O valor depende da avalia\u00e7\u00e3o e do tipo de contrata\u00e7\u00e3o.&nbsp;<em>\u201cO seguro residencial ou com cobertura b\u00e1sica \u2013 inc\u00eandio, explos\u00e3o e queda de raios \u2013 oferecida obrigatoriamente por todas as seguradoras, custa a partir de R$ 60,00 por ano para apartamentos pequenos, e empresas a partir de 112,00. J\u00e1 para casas de grande porte, com amplas coberturas e assist\u00eancias, o valor pode variar de R$ 400,00 a R$ 1.500,00 por ano\u201d assim como o para empresas<\/em>.<\/p>\n\n\n\n<figure class=\"wp-block-table aligncenter\"><table><tbody><tr><td><img decoding=\"async\" width=\"130\" height=\"130\" class=\"wp-image-536\" style=\"width: 130px;\" src=\"https:\/\/jeancamillo.com.br\/seguros\/wp-content\/uploads\/2019\/02\/seguro-empresarial.png\" alt=\"\"><\/td><td><a href=\"https:\/\/forms.gle\/g4TRsej6KdPiH9BH7\" target=\"_blank\" rel=\"noreferrer noopener\"><img decoding=\"async\" width=\"131\" height=\"131\" class=\"wp-image-526\" style=\"width: 131px;\" src=\"https:\/\/jeancamillo.com.br\/seguros\/wp-content\/uploads\/2018\/12\/simulo.png\" alt=\"\"><\/a><\/td><\/tr><\/tbody><\/table><\/figure>\n\n\n\n<h4 class=\"wp-block-heading has-text-align-center\"><strong>Coberturas adicionais<\/strong><br>Danos el\u00e9tricos;<br>Vendaval, ciclone ou chuva de granizo;<br>Subtra\u00e7\u00e3o de bens (roubo);<br>Responsabilidade civil familiar;<br>Responsabilidade civil empresarial;<br>Vidros e vazamentos, entre outras.<\/h4>\n\n\n\n<figure class=\"wp-block-table aligncenter\"><table><tbody><tr><td><img decoding=\"async\" width=\"150\" height=\"150\" class=\"wp-image-514\" style=\"width: 150px;\" src=\"https:\/\/jeancamillo.com.br\/seguros\/wp-content\/uploads\/2018\/12\/4a.jpg\" alt=\"\" srcset=\"https:\/\/jeancamillo.com.br\/seguros\/wp-content\/uploads\/2018\/12\/4a.jpg 390w, https:\/\/jeancamillo.com.br\/seguros\/wp-content\/uploads\/2018\/12\/4a-150x150.jpg 150w, https:\/\/jeancamillo.com.br\/seguros\/wp-content\/uploads\/2018\/12\/4a-300x300.jpg 300w\" sizes=\"(max-width: 150px) 100vw, 150px\" \/><\/td><td><img loading=\"lazy\" decoding=\"async\" width=\"150\" height=\"88\" class=\"wp-image-515\" style=\"width: 150px;\" src=\"https:\/\/jeancamillo.com.br\/seguros\/wp-content\/uploads\/2018\/12\/img-assistencia-residencial-elo.jpg\" alt=\"\" srcset=\"https:\/\/jeancamillo.com.br\/seguros\/wp-content\/uploads\/2018\/12\/img-assistencia-residencial-elo.jpg 335w, https:\/\/jeancamillo.com.br\/seguros\/wp-content\/uploads\/2018\/12\/img-assistencia-residencial-elo-300x176.jpg 300w\" sizes=\"(max-width: 150px) 100vw, 150px\" \/><\/td><td><img decoding=\"async\" width=\"130\" height=\"130\" class=\"wp-image-536\" style=\"width: 130px;\" src=\"https:\/\/jeancamillo.com.br\/seguros\/wp-content\/uploads\/2019\/02\/seguro-empresarial.png\" alt=\"\"><\/td><td><a href=\"https:\/\/forms.gle\/MXCWsjFme1pH2H8U9\" data-type=\"URL\" data-id=\"https:\/\/docs.google.com\/forms\/d\/e\/1FAIpQLSdR1Lh0hbIWCaDx3j7_v0hPY34aJngp4DLW9_CjV6ZBo0v74Q\/viewform\" target=\"_blank\" rel=\"noreferrer noopener\"><img decoding=\"async\" width=\"131\" height=\"131\" class=\"wp-image-526\" style=\"width: 131px;\" src=\"https:\/\/jeancamillo.com.br\/seguros\/wp-content\/uploads\/2018\/12\/simulo.png\" alt=\"\"><\/a><\/td><td><img loading=\"lazy\" decoding=\"async\" width=\"150\" height=\"150\" class=\"wp-image-512\" style=\"width: 150px;\" src=\"https:\/\/jeancamillo.com.br\/seguros\/wp-content\/uploads\/2018\/12\/Ativa-Seguros-Seguro-Residencial-2-e1560351776164.jpg\" alt=\"Seguro residencial\" srcset=\"https:\/\/jeancamillo.com.br\/seguros\/wp-content\/uploads\/2018\/12\/Ativa-Seguros-Seguro-Residencial-2-e1560351776164.jpg 697w, https:\/\/jeancamillo.com.br\/seguros\/wp-content\/uploads\/2018\/12\/Ativa-Seguros-Seguro-Residencial-2-e1560351776164-150x150.jpg 150w, https:\/\/jeancamillo.com.br\/seguros\/wp-content\/uploads\/2018\/12\/Ativa-Seguros-Seguro-Residencial-2-e1560351776164-300x300.jpg 300w\" sizes=\"(max-width: 150px) 100vw, 150px\" \/><\/td><\/tr><\/tbody><\/table><\/figure>\n\n\n\n<h2 class=\"wp-block-heading alignwide has-text-align-center\"><strong>Assist\u00eancias residenciais<\/strong><\/h2>\n\n\n\n<div class=\"inherit-container-width wp-block-group is-layout-constrained wp-block-group-is-layout-constrained\"><div class=\"wp-block-group__inner-container\">\n<p class=\"has-text-align-center\"><em>\u201cAl\u00e9m do seguro b\u00e1sico e dos adicionais descritos acima, h\u00e1 tamb\u00e9m a categoria chamada de Residencial Premium que inclui seguro de joias e rel\u00f3gios, obras de arte, danos ao jardim e subtra\u00e7\u00e3o de bicicletas\u201d<\/em>.Reparos hidr\u00e1ulicos, el\u00e9tricos, em eletrodom\u00e9sticos de linha branca e marrom;<br>Servi\u00e7os de chaveiro, desentupimento,&nbsp;<em>help desk<\/em>&nbsp;para idosos, cobertura provis\u00f3ria para telhado;<br>Descontos para pet shops;<br>Assist\u00eancias emergenciais em caso de sinistro como, bab\u00e1s, cuidadores, guardas de animais e guardas noturnos, entre outras.<br>Outras assist\u00eancias especiais tamb\u00e9m incluem limpeza de caixa d\u2019\u00e1gua, calhas, reparos em ar condicionado, dedetiza\u00e7\u00e3o e instala\u00e7\u00f5es gerais como kits de fixa\u00e7\u00e3o, entre outros.<\/p>\n<\/div><\/div>\n\n\n\n<h3 class=\"wp-block-heading has-text-align-center\"><strong>Custo benef\u00edcio<\/strong><\/h3>\n\n\n\n<p>O seguro residencial tem um excelente custo benef\u00edcio porque ao utilizar as assist\u00eancias o seguro acaba se pagando, como explica Faria.&nbsp;<em>\u201cSe sua geladeira apresentar algum problema, voc\u00ea contratar\u00e1 um t\u00e9cnico que cobrar\u00e1 de R$ 80,00 a R$ 100,00 somente pela visita, sem considerar troca e manuten\u00e7\u00e3o de pe\u00e7as; se comparado ao valor do seguro b\u00e1sico, isso equivale a mais de uma parcela do seu seguro anual. Sendo assim, se o cliente usar as assist\u00eancias v\u00e1rias vezes ao longo do ano, certamente ter\u00e1 o melhor custo benef\u00edcio, pois ter\u00e1 direito a servi\u00e7os e ainda a cobertura do seu patrim\u00f4nio\u201d<\/em>.<\/p>\n\n\n\n<figure class=\"wp-block-table aligncenter\"><table><tbody><tr><td><img loading=\"lazy\" decoding=\"async\" width=\"650\" height=\"434\" class=\"wp-image-518\" style=\"width: 650px;\" src=\"https:\/\/jeancamillo.com.br\/seguros\/wp-content\/uploads\/2018\/12\/Ativa-Seguros-Seguro-Residencial-5.jpg\" alt=\"\" srcset=\"https:\/\/jeancamillo.com.br\/seguros\/wp-content\/uploads\/2018\/12\/Ativa-Seguros-Seguro-Residencial-5.jpg 1200w, https:\/\/jeancamillo.com.br\/seguros\/wp-content\/uploads\/2018\/12\/Ativa-Seguros-Seguro-Residencial-5-300x200.jpg 300w, https:\/\/jeancamillo.com.br\/seguros\/wp-content\/uploads\/2018\/12\/Ativa-Seguros-Seguro-Residencial-5-768x513.jpg 768w, https:\/\/jeancamillo.com.br\/seguros\/wp-content\/uploads\/2018\/12\/Ativa-Seguros-Seguro-Residencial-5-1024x684.jpg 1024w, https:\/\/jeancamillo.com.br\/seguros\/wp-content\/uploads\/2018\/12\/Ativa-Seguros-Seguro-Residencial-5-449x300.jpg 449w\" sizes=\"(max-width: 650px) 100vw, 650px\" \/>&nbsp;<\/td><td><strong>Como contratar?<\/strong><strong><\/strong> A contrata\u00e7\u00e3o \u00e9 bastante simples. O segurado deve declarar o valor do im\u00f3vel, descontando o valor do terreno e incluindo o valor do conte\u00fado de dentro da resid\u00eancia.&nbsp;<em>\u201cDepois desse levantamento, a seguradora identifica a necessidade da contrata\u00e7\u00e3o de coberturas adicionais e oferecem as assist\u00eancias residenciais que podem ser contratadas a parte ou oferecidas gratuitamente, dependendo da seguradora\u201d<\/em>. &nbsp;<\/td><\/tr><\/tbody><\/table><\/figure>\n\n\n\n<h3 class=\"wp-block-heading has-text-align-center\"><strong>Aten\u00e7\u00e3o na hora de contratar<\/strong><\/h3>\n\n\n\n<p>Antes de contratar um seguro residencial, \u00e9 preciso definir quais s\u00e3o as reais necessidades do cliente para n\u00e3o deixar de fora algo importante e nem gastar dinheiro com o que n\u00e3o precisa.&nbsp;<em>\u201cEssa modalidade \u00e9 facilmente encontrada no mercado, por\u00e9m cada seguradora tem regras e diferenciais. Como ter coberturas mais abrangentes e assist\u00eancias com maior n\u00famero de utiliza\u00e7\u00f5es permitidas, s\u00e3o dados que devem ser observados na hora da contrata\u00e7\u00e3o, al\u00e9m, claro, de procurar um profissional preparado para indicar o produto que melhor atenda \u00e0s necessidades do cliente\u201d<\/em>.<br>Receba uma simula\u00e7\u00e3o de seguro feito pra voc\u00ea preenchendo no formul\u00e1rio que lhe aparecer\u00e1 clicando abaixo em &#8220;Simule seu Seguro aqui!&#8221;.<\/p>\n\n\n\n<p class=\"has-text-align-center\"><a href=\"https:\/\/forms.gle\/MXCWsjFme1pH2H8U9\" target=\"_blank\" rel=\"noreferrer noopener\"><img loading=\"lazy\" decoding=\"async\" width=\"150\" height=\"150\" class=\"wp-image-526\" style=\"width: 150px;\" src=\"https:\/\/jeancamillo.com.br\/seguros\/wp-content\/uploads\/2018\/12\/simulo.png\" alt=\"\"><\/a> <\/p>\n\n\n\n<h2 class=\"wp-block-heading has-text-align-center\"><strong>Voc\u00ea ainda acha que n\u00e3o precisa de seguro residencial?<br>Veja alguns casos&#8230;<\/strong><\/h2>\n\n\n\n<div class=\"wp-block-columns is-layout-flex wp-container-core-columns-is-layout-28f84493 wp-block-columns-is-layout-flex\">\n<div class=\"wp-block-column is-layout-flow wp-block-column-is-layout-flow\">\n<figure class=\"wp-block-video\"><video controls src=\"https:\/\/jeancamillo.com.br\/seguros\/wp-content\/uploads\/2019\/10\/2.mp4\"><\/video><\/figure>\n<\/div>\n\n\n\n<div class=\"wp-block-column is-vertically-aligned-bottom is-layout-flow wp-block-column-is-layout-flow\">\n<figure class=\"wp-block-video alignwide\"><video controls=\"\" src=\"https:\/\/jeancamillo.com.br\/seguros\/wp-content\/uploads\/2019\/10\/1.mp4\" width=\"250\" height=\"\"><\/video><\/figure>\n<\/div>\n\n\n\n<div class=\"wp-block-column is-layout-flow wp-block-column-is-layout-flow\">\n<figure class=\"wp-block-video\"><video controls src=\"https:\/\/jeancamillo.com.br\/seguros\/wp-content\/uploads\/2019\/10\/3.mp4\"><\/video><\/figure>\n\n\n\n<p><\/p>\n<\/div>\n<\/div>\n\n\n\n<p><\/p>\n","protected":false},"excerpt":{"rendered":"<p>Ter um Seguro Residencial ou EmpresarialCusta Menos do que Voc\u00ea Imagina! O que pouca gente sabe \u00e9 que \u00e9 poss\u00edvel preservar seu patrim\u00f4nio contratando um seguro a um custo bastante acess\u00edvel.Ent\u00e3o, quanto custa um seguro? O valor depende da avalia\u00e7\u00e3o e do tipo de contrata\u00e7\u00e3o.&nbsp;\u201cO seguro residencial ou com cobertura b\u00e1sica \u2013 inc\u00eandio, explos\u00e3o e &hellip;<\/p>\n<p class=\"read-more\"> <a class=\"\" href=\"https:\/\/jeancamillo.com.br\/seguros\/re-empresa_equipamentos\/\"> <span class=\"screen-reader-text\">RE<\/span> Leia mais &raquo;<\/a><\/p>\n","protected":false},"author":1,"featured_media":528,"parent":0,"menu_order":3,"comment_status":"closed","ping_status":"closed","template":"","meta":{"site-sidebar-layout":"default","site-content-layout":"default","ast-global-header-display":"","ast-banner-title-visibility":"","ast-main-header-display":"","ast-hfb-above-header-display":"","ast-hfb-below-header-display":"","ast-hfb-mobile-header-display":"","site-post-title":"disabled","ast-breadcrumbs-content":"","ast-featured-img":"disabled","footer-sml-layout":"","theme-transparent-header-meta":"default","adv-header-id-meta":"","stick-header-meta":"","header-above-stick-meta":"","header-main-stick-meta":"","header-below-stick-meta":"","ngg_post_thumbnail":0,"footnotes":""},"class_list":["post-516","page","type-page","status-publish","has-post-thumbnail","hentry"],"_links":{"self":[{"href":"https:\/\/jeancamillo.com.br\/seguros\/wp-json\/wp\/v2\/pages\/516","targetHints":{"allow":["GET"]}}],"collection":[{"href":"https:\/\/jeancamillo.com.br\/seguros\/wp-json\/wp\/v2\/pages"}],"about":[{"href":"https:\/\/jeancamillo.com.br\/seguros\/wp-json\/wp\/v2\/types\/page"}],"author":[{"embeddable":true,"href":"https:\/\/jeancamillo.com.br\/seguros\/wp-json\/wp\/v2\/users\/1"}],"replies":[{"embeddable":true,"href":"https:\/\/jeancamillo.com.br\/seguros\/wp-json\/wp\/v2\/comments?post=516"}],"version-history":[{"count":83,"href":"https:\/\/jeancamillo.com.br\/seguros\/wp-json\/wp\/v2\/pages\/516\/revisions"}],"predecessor-version":[{"id":2301,"href":"https:\/\/jeancamillo.com.br\/seguros\/wp-json\/wp\/v2\/pages\/516\/revisions\/2301"}],"wp:featuredmedia":[{"embeddable":true,"href":"https:\/\/jeancamillo.com.br\/seguros\/wp-json\/wp\/v2\/media\/528"}],"wp:attachment":[{"href":"https:\/\/jeancamillo.com.br\/seguros\/wp-json\/wp\/v2\/media?parent=516"}],"curies":[{"name":"wp","href":"https:\/\/api.w.org\/{rel}","templated":true}]}}