{"id":510,"date":"2023-08-11T08:50:21","date_gmt":"2023-08-11T11:50:21","guid":{"rendered":"https:\/\/jeancamillo.com.br\/seguros\/?page_id=510"},"modified":"2026-03-06T13:09:05","modified_gmt":"2026-03-06T16:09:05","slug":"residencial","status":"publish","type":"page","link":"https:\/\/jeancamillo.com.br\/seguros\/residencial\/","title":{"rendered":"Residencial"},"content":{"rendered":"\t\t<div data-elementor-type=\"wp-page\" data-elementor-id=\"510\" class=\"elementor elementor-510\">\n\t\t\t\t<div class=\"elementor-element elementor-element-317b3c9d e-con-full e-flex e-con e-parent\" data-id=\"317b3c9d\" data-element_type=\"container\">\n\t\t\t\t<div class=\"elementor-element elementor-element-1255e40b elementor-widget__width-initial elementor-widget elementor-widget-text-editor\" data-id=\"1255e40b\" data-element_type=\"widget\" data-widget_type=\"text-editor.default\">\n\t\t\t\t\t\t\t\t\t<style>\n  .minha-tabela {\n    width: 70%; \/* Define o tamanho da tabela *\/\n    margin: 0 auto; \/* Centraliza a tabela na p\u00e1gina (0 topo\/fundo, auto lados) *\/\n    border: none;\n    border-collapse: collapse; \/* Opcional: melhora a borda *\/\n  }\n  .minha-tabela td, .minha-tabela th {\n    border: none;\n    padding: 8px;\n    text-align: center; \/* Centraliza o texto dentro das c\u00e9lulas *\/\n  }\n<\/style>\n<table class=\"minha-tabela\">\n  <tr>\n  <td>\n<p style=\"text-align: center;\"><a href=\"https:\/\/forms.gle\/qefEqNVs85J88bLm7\"><img fetchpriority=\"high\" decoding=\"async\" class=\"alignleft wp-image-512\" src=\"https:\/\/jeancamillo.com.br\/seguros\/wp-content\/uploads\/2018\/12\/Ativa-Seguros-Seguro-Residencial-2-150x150.jpg\" alt=\"\" width=\"238\" height=\"238\" \/><\/a><\/p>\n<p style=\"text-align: left;\">Quer o melhor seguro para o seu lar?\nO Seguro Residencial protege sua resid\u00eancia contra diversos riscos.\nTer um Seguro Residencial Custa Menos do que Voc\u00ea Imagina!\nO que pouca gente sabe \u00e9 que \u00e9 poss\u00edvel preservar esse patrim\u00f4nio contratando um seguro residencial a um custo bastante acess\u00edvel.\n<strong>Quanto custa um seguro residencial?\n<\/strong>O valor depende da avalia\u00e7\u00e3o e do tipo de contrata\u00e7\u00e3o. \u201cO seguro residencial com cobertura b\u00e1sica \u2013 inc\u00eandio, explos\u00e3o e queda de raios \u2013 oferecida obrigatoriamente por todas as seguradoras, custa a partir de R$ 60,00 por ano para apartamentos pequenos. J\u00e1 para casas de grande porte, com amplas coberturas e assist\u00eancias, o valor pode variar de R$ 400,00 a R$ 1.500,00 por ano\u201d!<\/p> \n<\/td>\n <\/tr>\n\n&nbsp;\n\n <tr>\n<td>\n<a href=\"https:\/\/forms.gle\/qefEqNVs85J88bLm7\"><img decoding=\"async\" class=\"alignleft wp-image-513\" src=\"https:\/\/jeancamillo.com.br\/seguros\/wp-content\/uploads\/2018\/12\/Imagem-para-post-em-Blog-1-750x410-150x150.jpg\" alt=\"\" width=\"194\" height=\"194\" \/><\/a>\n\nVale lembrar que existem uma s\u00e9rie de coberturas adicionais e assist\u00eancias residenciais que podem ser contratadas a parte e acrescidas ao seguro b\u00e1sico. S\u00e3o elas:\n\nCoberturas adicionais\nDanos el\u00e9tricos;\nVendaval, ciclone ou chuva de granizo;\nSubtra\u00e7\u00e3o de bens (roubo);\nResponsabilidade civil familiar;\nVidros e vazamentos, entre outras.\n\nAssist\u00eancias residenciais\nReparos hidr\u00e1ulicos, el\u00e9tricos, em eletrodom\u00e9sticos de linha branca e marrom;\nServi\u00e7os de chaveiro, desentupimento, help desk para idosos, cobertura provis\u00f3ria para telhado;\nDescontos para pet shops;\nAssist\u00eancias emergenciais em caso de sinistro como, bab\u00e1s, cuidadores, guardas de animais e guardas noturnos, entre outras.\n\u201cAl\u00e9m do seguro b\u00e1sico e dos adicionais descritos acima, h\u00e1 tamb\u00e9m a categoria chamada de Residencial Premium que inclui seguro de joias e rel\u00f3gios, obras de arte, danos ao jardim e subtra\u00e7\u00e3o de bicicletas\u201d.\n\nOutras assist\u00eancias especiais tamb\u00e9m incluem limpeza de caixa d\u2019\u00e1gua, calhas, reparos em ar condicionado, dedetiza\u00e7\u00e3o e instala\u00e7\u00f5es gerais como kits de fixa\u00e7\u00e3o, entre outros.\n\nComo contratar?\nSegundo o especialista, a contrata\u00e7\u00e3o \u00e9 bastante simples. O segurado deve declarar o valor do im\u00f3vel, descontando o valor do terreno e incluindo o valor do conte\u00fado de dentro da resid\u00eancia. \u201cDepois desse levantamento, a seguradora identifica a necessidade da contrata\u00e7\u00e3o de coberturas adicionais e oferecem as assist\u00eancias residenciais que podem ser contratadas a parte ou oferecidas gratuitamente, dependendo da seguradora\u201d.\n\nAten\u00e7\u00e3o na hora de contratar\nAntes de contratar um seguro residencial, \u00e9 preciso definir quais s\u00e3o as reais necessidades do cliente para n\u00e3o deixar de fora algo importante e nem gastar dinheiro com o que n\u00e3o precisa. \u201cEssa modalidade \u00e9 facilmente encontrada no mercado, por\u00e9m cada seguradora tem regras e diferenciais como ter coberturas mais abrangentes e assist\u00eancias com maior n\u00famero de utiliza\u00e7\u00f5es permitidas, s\u00e3o dados que devem ser observados na hora da contrata\u00e7\u00e3o, al\u00e9m, claro, de procurar um profissional preparado para indicar o produto que melhor atenda \u00e0s necessidades do cliente\u201d.\n <\/td>\n   <\/tr>\n     <\/table>\n\t\t\t\t\t\t\t\t<\/div>\n\t\t\t\t<\/div>\n\t\t\t\t<\/div>\n\t\t","protected":false},"excerpt":{"rendered":"<p>Quer o melhor seguro para o seu lar? O Seguro Residencial protege sua resid\u00eancia contra diversos riscos. Ter um Seguro Residencial Custa Menos do que Voc\u00ea Imagina! O que pouca gente sabe \u00e9 que \u00e9 poss\u00edvel preservar esse patrim\u00f4nio contratando um seguro residencial a um custo bastante acess\u00edvel. Quanto custa um seguro residencial? O valor &hellip;<\/p>\n<p class=\"read-more\"> <a class=\"\" href=\"https:\/\/jeancamillo.com.br\/seguros\/residencial\/\"> <span class=\"screen-reader-text\">Residencial<\/span> Leia mais &raquo;<\/a><\/p>\n","protected":false},"author":1,"featured_media":0,"parent":0,"menu_order":0,"comment_status":"closed","ping_status":"closed","template":"","meta":{"site-sidebar-layout":"default","site-content-layout":"default","ast-global-header-display":"","ast-banner-title-visibility":"","ast-main-header-display":"","ast-hfb-above-header-display":"","ast-hfb-below-header-display":"","ast-hfb-mobile-header-display":"","site-post-title":"","ast-breadcrumbs-content":"","ast-featured-img":"","footer-sml-layout":"","theme-transparent-header-meta":"","adv-header-id-meta":"","stick-header-meta":"","header-above-stick-meta":"","header-main-stick-meta":"","header-below-stick-meta":"","ngg_post_thumbnail":0,"footnotes":""},"class_list":["post-510","page","type-page","status-publish","hentry"],"_links":{"self":[{"href":"https:\/\/jeancamillo.com.br\/seguros\/wp-json\/wp\/v2\/pages\/510","targetHints":{"allow":["GET"]}}],"collection":[{"href":"https:\/\/jeancamillo.com.br\/seguros\/wp-json\/wp\/v2\/pages"}],"about":[{"href":"https:\/\/jeancamillo.com.br\/seguros\/wp-json\/wp\/v2\/types\/page"}],"author":[{"embeddable":true,"href":"https:\/\/jeancamillo.com.br\/seguros\/wp-json\/wp\/v2\/users\/1"}],"replies":[{"embeddable":true,"href":"https:\/\/jeancamillo.com.br\/seguros\/wp-json\/wp\/v2\/comments?post=510"}],"version-history":[{"count":20,"href":"https:\/\/jeancamillo.com.br\/seguros\/wp-json\/wp\/v2\/pages\/510\/revisions"}],"predecessor-version":[{"id":2333,"href":"https:\/\/jeancamillo.com.br\/seguros\/wp-json\/wp\/v2\/pages\/510\/revisions\/2333"}],"wp:attachment":[{"href":"https:\/\/jeancamillo.com.br\/seguros\/wp-json\/wp\/v2\/media?parent=510"}],"curies":[{"name":"wp","href":"https:\/\/api.w.org\/{rel}","templated":true}]}}