{"id":44,"date":"2015-10-15T23:30:20","date_gmt":"2015-10-16T02:30:20","guid":{"rendered":"https:\/\/jeancamillo.com.br\/seguros\/?page_id=44"},"modified":"2023-05-22T23:57:21","modified_gmt":"2023-05-23T02:57:21","slug":"seguros-auto","status":"publish","type":"page","link":"https:\/\/jeancamillo.com.br\/seguros\/seguros-auto\/","title":{"rendered":"Seguro AUTO"},"content":{"rendered":"\n<center><h3><strong>Cote voc\u00ea mesmo seu seguro. Preencha abaixo ou ligue: (41) 98809-7292<\/strong><\/h3>\n<div id=\"table\">\n<table border=\"1\">\n<tbody valign=\"top\">\n<tr valign=\"top\">\n<td valign=\"top\" width=\"300\"><img decoding=\"async\" class=\"alignright\" src=\"https:\/\/jeancamillo.com.br\/\/seguros\/imagens\/3.jpg\" alt=\"\" width=\"200\" height=\"\"><img decoding=\"async\" class=\"alignleft\" src=\"https:\/\/jeancamillo.com.br\/\/seguros\/imagens\/1.jpg\" alt=\"\" width=\"300\" height=\"\">\n<p>&nbsp;<\/p>\n<h4 style=\"text-align: center;\"><strong>Na hora de adquirir um Seguro de Autom\u00f3vel, as op\u00e7\u00f5es s\u00e3o tantas que fica dif\u00edcil escolher.<\/strong><\/h4>\n<h4 style=\"text-align: center;\"><strong>A JC CAMILLO Corretora de Seguros mant\u00e9m sempre uma equipe atualizada, que poder\u00e1 atend\u00ea-lo de acordo com as suas necessidades apresentando sempre a melhor op\u00e7\u00e3o.<\/strong><\/h4>\n<h4 style=\"text-align: center;\"><strong>Fa\u00e7a uma cota\u00e7\u00e3o sem compromisso. O fechamento \u00e9 decis\u00e3o sua, apresentar a melhor proposta com os melhores benef\u00edcios e seguran\u00e7a \u00e9 dever nosso!<\/strong><\/h4>\n<h3 style=\"text-align: center;\">DUVIDAS?<\/h3>\n<h3 style=\"text-align: center;\">NOS LIGUE OU MANDE MENSAGEM WHATSAPP (41) 98809-7292<\/h3>\n<p><img decoding=\"async\" class=\"aligncenter\" src=\"https:\/\/jeancamillo.com.br\/\/seguros\/imagens\/1.jpg\" alt=\"\" height=\"\"><\/p>\n<p><img decoding=\"async\" class=\"aligncenter\" src=\"https:\/\/jeancamillo.com.br\/\/seguros\/imagens\/2.jpg\" alt=\"\" height=\"\"><\/p>\n<p><img decoding=\"async\" class=\"aligncenter\" src=\"https:\/\/jeancamillo.com.br\/\/seguros\/imagens\/3.jpg\" alt=\"\" height=\"\"><\/p>\n<p><img decoding=\"async\" class=\"aligncenter\" src=\"https:\/\/jeancamillo.com.br\/\/seguros\/imagens\/1.jpg\" alt=\"\" height=\"\"><\/p>\n<\/td>\n<td bgcolor=\"#CEECF5\" width=\"50%\"><!--<img decoding=\"async\" class=\"alignleft\" src=\"https:\/\/jeancamillo.com.br\/\/seguros\/imagens\/1.jpg\" alt=\"\" width=\"241\" height=\"91\"><img decoding=\"async\" class=\"alignright\" src=\"https:\/\/jeancamillo.com.br\/\/seguros\/imagens\/3.jpg\" alt=\"\" width=\"174\" height=\"116\">\n<\/br> -->\n<center>\n<div class=\"wpforms-container wpforms-container-full wpforms-render-modern\" id=\"wpforms-2175\"><form id=\"wpforms-form-2175\" class=\"wpforms-validate wpforms-form wpforms-ajax-form\" data-formid=\"2175\" method=\"post\" enctype=\"multipart\/form-data\" action=\"\/seguros\/wp-json\/wp\/v2\/pages\/44\" data-token=\"4ef8c45ededb30109cf7be097b7ca563\"><noscript class=\"wpforms-error-noscript\">Ative o JavaScript no seu navegador para preencher este formul\u00e1rio.<\/noscript><div class=\"wpforms-hidden\" id=\"wpforms-error-noscript\">Ative o JavaScript no seu navegador para preencher este formul\u00e1rio.<\/div><div class=\"wpforms-field-container\"><div id=\"wpforms-2175-field_2-container\" class=\"wpforms-field wpforms-field-text\" data-field-id=\"2\"><label class=\"wpforms-field-label\" for=\"wpforms-2175-field_2\">Seu Nome <span class=\"wpforms-required-label\" aria-hidden=\"true\">*<\/span><\/label><input type=\"text\" id=\"wpforms-2175-field_2\" class=\"wpforms-field-medium wpforms-field-required\" name=\"wpforms[fields][2]\" aria-errormessage=\"wpforms-2175-field_2-error\" required><\/div><div id=\"wpforms-2175-field_3-container\" class=\"wpforms-field wpforms-field-text\" data-field-id=\"3\"><label class=\"wpforms-field-label\" for=\"wpforms-2175-field_3\">Telefone \/ Whatsapp <span class=\"wpforms-required-label\" aria-hidden=\"true\">*<\/span><\/label><input type=\"text\" id=\"wpforms-2175-field_3\" class=\"wpforms-field-medium wpforms-field-required\" name=\"wpforms[fields][3]\" aria-errormessage=\"wpforms-2175-field_3-error\" required><\/div><div id=\"wpforms-2175-field_13-container\" class=\"wpforms-field wpforms-field-text\" data-field-id=\"13\"><label class=\"wpforms-field-label\" for=\"wpforms-2175-field_13\">E-mail <span class=\"wpforms-required-label\" aria-hidden=\"true\">*<\/span><\/label><input type=\"text\" id=\"wpforms-2175-field_13\" class=\"wpforms-field-medium wpforms-field-required\" name=\"wpforms[fields][13]\" aria-errormessage=\"wpforms-2175-field_13-error\" required><\/div><div id=\"wpforms-2175-field_4-container\" class=\"wpforms-field wpforms-field-number\" data-field-id=\"4\"><label class=\"wpforms-field-label\" for=\"wpforms-2175-field_4\">Seu CPF (Somente N\u00fameros) <span class=\"wpforms-required-label\" aria-hidden=\"true\">*<\/span><\/label><input type=\"number\" pattern=\"\\d*\" id=\"wpforms-2175-field_4\" class=\"wpforms-field-medium wpforms-field-required\" name=\"wpforms[fields][4]\" aria-errormessage=\"wpforms-2175-field_4-error\" required><\/div><div id=\"wpforms-2175-field_8-container\" class=\"wpforms-field wpforms-field-text\" data-field-id=\"8\"><label class=\"wpforms-field-label\" for=\"wpforms-2175-field_8\">Seu CEP onde guarda o carro. <span class=\"wpforms-required-label\" aria-hidden=\"true\">*<\/span><\/label><input type=\"text\" id=\"wpforms-2175-field_8\" class=\"wpforms-field-medium wpforms-field-required\" name=\"wpforms[fields][8]\" aria-errormessage=\"wpforms-2175-field_8-error\" required><\/div><div id=\"wpforms-2175-field_9-container\" class=\"wpforms-field wpforms-field-text\" data-field-id=\"9\"><label class=\"wpforms-field-label\" for=\"wpforms-2175-field_9\">Seu carro ano\/modelo <span class=\"wpforms-required-label\" aria-hidden=\"true\">*<\/span><\/label><input type=\"text\" id=\"wpforms-2175-field_9\" class=\"wpforms-field-medium wpforms-field-required\" name=\"wpforms[fields][9]\" aria-errormessage=\"wpforms-2175-field_9-error\" required><\/div><div id=\"wpforms-2175-field_11-container\" class=\"wpforms-field wpforms-field-text\" data-field-id=\"11\"><label class=\"wpforms-field-label\" for=\"wpforms-2175-field_11\">PLACA <span class=\"wpforms-required-label\" aria-hidden=\"true\">*<\/span><\/label><input type=\"text\" id=\"wpforms-2175-field_11\" class=\"wpforms-field-medium wpforms-field-required\" name=\"wpforms[fields][11]\" aria-errormessage=\"wpforms-2175-field_11-error\" required><\/div><div id=\"wpforms-2175-field_12-container\" class=\"wpforms-field wpforms-field-text\" data-field-id=\"12\"><label class=\"wpforms-field-label\" for=\"wpforms-2175-field_12\">CHASSI (n\u00e3o obrigatorio) <span class=\"wpforms-required-label\" aria-hidden=\"true\">*<\/span><\/label><input type=\"text\" id=\"wpforms-2175-field_12\" class=\"wpforms-field-medium wpforms-field-required\" name=\"wpforms[fields][12]\" aria-errormessage=\"wpforms-2175-field_12-error\" required><\/div><div id=\"wpforms-2175-field_15-container\" class=\"wpforms-field wpforms-field-select wpforms-field-select-style-classic\" data-field-id=\"15\"><label class=\"wpforms-field-label\" for=\"wpforms-2175-field_15\">Algu\u00e9m entre 18 e 25 anos usa seu carro? <span class=\"wpforms-required-label\" aria-hidden=\"true\">*<\/span><\/label><select id=\"wpforms-2175-field_15\" class=\"wpforms-field-medium wpforms-field-required\" name=\"wpforms[fields][15]\" required=\"required\"><option value=\"Sim\" >Sim<\/option><option value=\"Nao\" >Nao<\/option><\/select><\/div><div id=\"wpforms-2175-field_16-container\" class=\"wpforms-field wpforms-field-select wpforms-field-select-style-classic\" data-field-id=\"16\"><label class=\"wpforms-field-label\" for=\"wpforms-2175-field_16\">Utiliza o carro para ir a Escola ou Faculdade? <span class=\"wpforms-required-label\" aria-hidden=\"true\">*<\/span><\/label><select id=\"wpforms-2175-field_16\" class=\"wpforms-field-medium wpforms-field-required\" name=\"wpforms[fields][16]\" required=\"required\"><option value=\"Sim\" >Sim<\/option><option value=\"Nao\" >Nao<\/option><\/select><\/div><div id=\"wpforms-2175-field_18-container\" class=\"wpforms-field wpforms-field-select wpforms-field-select-style-classic\" data-field-id=\"18\"><label class=\"wpforms-field-label\" for=\"wpforms-2175-field_18\">Utiliza o carro para visitas a clientes, ou somente lazer e ida e volta do trabalho? <span class=\"wpforms-required-label\" aria-hidden=\"true\">*<\/span><\/label><select id=\"wpforms-2175-field_18\" class=\"wpforms-field-medium wpforms-field-required\" name=\"wpforms[fields][18]\" required=\"required\"><option value=\"Somente ida e volta do trabalho\" >Somente ida e volta do trabalho<\/option><option value=\"Ida e volta do trabalho, mas tambem visita a clientes.\" >Ida e volta do trabalho, mas tambem visita a clientes.<\/option><\/select><\/div><div id=\"wpforms-2175-field_17-container\" class=\"wpforms-field wpforms-field-select wpforms-field-select-style-classic\" data-field-id=\"17\"><label class=\"wpforms-field-label\" for=\"wpforms-2175-field_17\">J\u00e1 tem seguro e quer renovar ou seguro novo? <span class=\"wpforms-required-label\" aria-hidden=\"true\">*<\/span><\/label><select id=\"wpforms-2175-field_17\" class=\"wpforms-field-medium wpforms-field-required\" name=\"wpforms[fields][17]\" required=\"required\"><option value=\"Sim, j\u00e1 tenho e quero renovar.\" >Sim, j\u00e1 tenho e quero renovar.<\/option><option value=\"N\u00e3o tenho seguro, \u00e9 seguro novo.\" >N\u00e3o tenho seguro, \u00e9 seguro novo.<\/option><\/select><\/div><\/div><!-- .wpforms-field-container --><div class=\"wpforms-submit-container\" ><input type=\"hidden\" name=\"wpforms[id]\" value=\"2175\"><input type=\"hidden\" name=\"wpforms[author]\" value=\"1\"><button type=\"submit\" name=\"wpforms[submit]\" id=\"wpforms-submit-2175\" class=\"wpforms-submit\" data-alt-text=\"Enviando\u2026\" data-submit-text=\"Calcular\" aria-live=\"assertive\" value=\"wpforms-submit\">Calcular<\/button><img decoding=\"async\" src=\"https:\/\/jeancamillo.com.br\/seguros\/wp-content\/plugins\/wpforms-lite\/assets\/images\/submit-spin.svg\" class=\"wpforms-submit-spinner\" style=\"display: none;\" width=\"26\" height=\"26\" alt=\"A Carregar\"><\/div><\/form><\/div>  <!-- .wpforms-container --><\/td>\n<\/center>\n<\/tr>\n<\/tbody>\n<\/table>\n<\/div>\n<\/center>\n\n\n\n<p><\/p>\n","protected":false},"excerpt":{"rendered":"<p>Cote voc\u00ea mesmo seu seguro. Preencha abaixo ou ligue: (41) 98809-7292 &nbsp; Na hora de adquirir um Seguro de Autom\u00f3vel, as op\u00e7\u00f5es s\u00e3o tantas que fica dif\u00edcil escolher. A JC CAMILLO Corretora de Seguros mant\u00e9m sempre uma equipe atualizada, que poder\u00e1 atend\u00ea-lo de acordo com as suas necessidades apresentando sempre a melhor op\u00e7\u00e3o. Fa\u00e7a uma &hellip;<\/p>\n<p class=\"read-more\"> <a class=\"\" href=\"https:\/\/jeancamillo.com.br\/seguros\/seguros-auto\/\"> <span class=\"screen-reader-text\">Seguro AUTO<\/span> Leia mais &raquo;<\/a><\/p>\n","protected":false},"author":1,"featured_media":507,"parent":0,"menu_order":1,"comment_status":"closed","ping_status":"closed","template":"","meta":{"site-sidebar-layout":"default","site-content-layout":"default","ast-global-header-display":"","ast-banner-title-visibility":"","ast-main-header-display":"","ast-hfb-above-header-display":"","ast-hfb-below-header-display":"","ast-hfb-mobile-header-display":"","site-post-title":"disabled","ast-breadcrumbs-content":"","ast-featured-img":"disabled","footer-sml-layout":"","theme-transparent-header-meta":"default","adv-header-id-meta":"","stick-header-meta":"","header-above-stick-meta":"","header-main-stick-meta":"","header-below-stick-meta":"","ngg_post_thumbnail":0,"footnotes":""},"class_list":["post-44","page","type-page","status-publish","has-post-thumbnail","hentry"],"_links":{"self":[{"href":"https:\/\/jeancamillo.com.br\/seguros\/wp-json\/wp\/v2\/pages\/44","targetHints":{"allow":["GET"]}}],"collection":[{"href":"https:\/\/jeancamillo.com.br\/seguros\/wp-json\/wp\/v2\/pages"}],"about":[{"href":"https:\/\/jeancamillo.com.br\/seguros\/wp-json\/wp\/v2\/types\/page"}],"author":[{"embeddable":true,"href":"https:\/\/jeancamillo.com.br\/seguros\/wp-json\/wp\/v2\/users\/1"}],"replies":[{"embeddable":true,"href":"https:\/\/jeancamillo.com.br\/seguros\/wp-json\/wp\/v2\/comments?post=44"}],"version-history":[{"count":95,"href":"https:\/\/jeancamillo.com.br\/seguros\/wp-json\/wp\/v2\/pages\/44\/revisions"}],"predecessor-version":[{"id":2185,"href":"https:\/\/jeancamillo.com.br\/seguros\/wp-json\/wp\/v2\/pages\/44\/revisions\/2185"}],"wp:featuredmedia":[{"embeddable":true,"href":"https:\/\/jeancamillo.com.br\/seguros\/wp-json\/wp\/v2\/media\/507"}],"wp:attachment":[{"href":"https:\/\/jeancamillo.com.br\/seguros\/wp-json\/wp\/v2\/media?parent=44"}],"curies":[{"name":"wp","href":"https:\/\/api.w.org\/{rel}","templated":true}]}}