{"id":430,"date":"2018-02-15T20:12:46","date_gmt":"2018-02-15T23:12:46","guid":{"rendered":"https:\/\/jeancamillo.com.br\/seguros\/?page_id=430"},"modified":"2019-10-18T14:29:21","modified_gmt":"2019-10-18T17:29:21","slug":"condominio","status":"publish","type":"page","link":"https:\/\/jeancamillo.com.br\/seguros\/condominio\/","title":{"rendered":"Condom\u00ednio"},"content":{"rendered":"<style type=\"text\/css\">\n  #seletor {<br \/>\n   -webkit-touch-callout: none;<br \/>\n   -webkit-user-select: none;<br \/>\n   -khtml-user-select: none;<br \/>\n   -moz-user-select: none;<br \/>\n   -ms-user-select: none;<br \/>\n   user-select: none;<br \/>\n}<br \/>\n <\/style>\n<p><script type=\"text\/javascript\"><\/p>\n<p>        function RemoveSelection()<br \/>\n           {if (window.getSelection) {window.getSelection().removeAllRanges();}}<\/p>\n<p> <\/script><\/p>\n<div class=\"seletor\" ;=\"\" onmouseup=\"RemoveSelection()\" onselectstart=\"return false\">\n<h1 style=\"text-align: center;\">S\u00f3 o Seguro do condom\u00ednio n\u00e3o \u00e9 suficiente! Fa\u00e7a seguro residencial<\/h1>\n<h4>Seguro para condom\u00ednios \u00e9 obrigat\u00f3rio, mas moradores n\u00e3o devem abrir m\u00e3o do seguro residencial, veja porqu\u00ea.<\/h4>\n<h4>O seguro condom\u00ednio \u00e9 obrigat\u00f3rio no Brasil para todos os condom\u00ednios residenciais, comerciais e mistos, e os cond\u00f4minos dividem seus custos. A Lei exige prote\u00e7\u00e3o contra inc\u00eandio e outros riscos que possam causar destrui\u00e7\u00e3o total ou parcial da edifica\u00e7\u00e3o.<\/h4>\n<h4>Mas, s\u00f3 porque o seu condom\u00ednio tem seguro, n\u00e3o quer dizer que voc\u00ea deva abrir m\u00e3o do seguro residencial para a sua unidade. Muitos dos riscos que o seguro residencial cobre n\u00e3o s\u00e3o cobertos pelo seguro condominial.<\/h4>\n<h4>O que o seguro condom\u00ednio cobre<br \/>\nA cobertura b\u00e1sica do seguro condom\u00ednio inclui inc\u00eandio, raio e explos\u00e3o, mas podem ser contratadas muitas outras coberturas adicionais.<\/h4>\n<h4>Por exemplo, desmoronamento, danos causados por vendaval e impacto de ve\u00edculos, danos el\u00e9tricos, quebra de vidros, roubo e furto de bens do condom\u00ednio, danos materiais e\/ou corporais de responsabilidade do condom\u00ednio (causados aos cond\u00f4minos ou visitantes), responsabilidade civil do s\u00edndico, vida e acidentes pessoais dos funcion\u00e1rios, entre outros.<\/h4>\n<h4>Essas coberturas em geral s\u00f3 protegem danos \u00e0s \u00e1reas comuns e aos bens do condom\u00ednio, al\u00e9m de danos a terceiros por conta de sinistros ocorridos nas \u00e1reas comuns do condom\u00ednio.<\/h4>\n<h4>Danos \u00e0s unidades aut\u00f4nomas \u2013 apartamentos ou casas que componham o condom\u00ednio \u2013 s\u00f3 s\u00e3o cobertos caso o sinistro tenha ocorrido nas \u00e1reas comuns e atingido as unidades. Ainda assim, h\u00e1 cobertura apenas para reparos e reconstru\u00e7\u00e3o da estrutura f\u00edsica, como paredes, pisos, tubula\u00e7\u00e3o, pintura etc.<\/h4>\n<h4>O que o seguro condom\u00ednio n\u00e3o cobre \u2013 e o residencial pode cobrir<br \/>\nO conte\u00fado das casas ou apartamentos que comp\u00f5em o condom\u00ednio e outros sinistros ocorridos dentro das unidades n\u00e3o s\u00e3o cobertos pelo seguro condom\u00ednio, s\u00f3 pelo seguro residencial.<\/h4>\n<h4>Por exemplo, se uma explos\u00e3o de g\u00e1s no sal\u00e3o de festas afetar o seu apartamento, voc\u00ea \u00e9 ressarcido, pois o sinistro ocorreu na \u00e1rea comum do pr\u00e9dio.<\/h4>\n<h4>A situa\u00e7\u00e3o inversa tamb\u00e9m ocorre: se uma explos\u00e3o de g\u00e1s no seu apartamento danificar a estrutura e as \u00e1reas comuns do pr\u00e9dio, o seguro condom\u00ednio cobrir\u00e1 esses danos.<\/h4>\n<h4>Mas ele n\u00e3o cobrir\u00e1 os danos que essa mesma explos\u00e3o causar ao interior do seu apartamento e aos seus bens. Estes ser\u00e3o de sua responsabilidade, ou do seguro residencial, se voc\u00ea tiver uma ap\u00f3lice com essas coberturas.<\/h4>\n<h4>Caso o pr\u00e9dio seja invadido por ladr\u00f5es, apenas o que for roubado nas \u00e1reas comuns ter\u00e1 cobertura do seguro do condom\u00ednio, se a ap\u00f3lice incluir este risco.<\/h4>\n<h4>Se os bandidos entrarem nos apartamentos, o que for roubado em cada unidade \u00e9 de responsabilidade dos moradores. Um seguro residencial com cobertura para bens roubados e furtados \u2013 em geral bens de alto valor \u2013 poder\u00e1 ser \u00fatil nesta situa\u00e7\u00e3o.<\/h4>\n<h4>Se um funcion\u00e1rio do condom\u00ednio se acidentar em servi\u00e7o e houver cobertura para esse risco, o seguro do condom\u00ednio o indenizar\u00e1.<\/h4>\n<h4>Mas se a sua diarista, uma visita ou qualquer terceiro se acidentar dentro do seu apartamento por um motivo que nada tenha a ver com o condom\u00ednio, a responsabilidade ser\u00e1 sua. As coberturas de responsabilidade civil dos seguros residenciais podem cobrir esses casos.<\/h4>\n<h4>Seguro condom\u00ednio e seguro residencial s\u00e3o complementares<br \/>\nO seguro condom\u00ednio pode, eventualmente, cobrir danos \u00e0s unidades, se esta prote\u00e7\u00e3o for contratada. Mas pode ser que o valor segurado para esses casos seja insuficiente para o risco de todos os moradores. Melhor se resguardar pagando o pr\u00f3prio seguro residencial.<\/h4>\n<h4>Al\u00e9m disso, o seguro residencial permite a contrata\u00e7\u00e3o de coberturas que n\u00e3o existem no seguro condom\u00ednio. A mais comum \u00e9 o pagamento de aluguel caso o morador precise morar em outro lugar enquanto a unidade sofre reparos ap\u00f3s um sinistro.<\/h4>\n<h4>Voltando ao exemplo da explos\u00e3o de g\u00e1s no seu apartamento, al\u00e9m de o seguro residencial cobrir os danos ao interior da sua unidade, ele tamb\u00e9m pode cobrir eventuais despesas legais caso o condom\u00ednio ou outros moradores resolvam processar voc\u00ea.<\/h4>\n<h4>Finalmente, os seguros residenciais contam com assist\u00eancias, como chaveiro, reparos em eletrodom\u00e9sticos, servi\u00e7os como encanador e eletricista, entre outras.<\/h4>\n<h4>Como voc\u00ea pode ver, o seguro condom\u00ednio e o residencial s\u00e3o complementares. O primeiro \u00e9 obrigat\u00f3rio e arcado por todos os cond\u00f4minos, enquanto que o segundo \u00e9 opcional e pago apenas pelo propriet\u00e1rio ou morador da unidade segurada.<\/h4>\n<h4>Na pr\u00e1tica, um cond\u00f4mino arca com dois seguros, mas n\u00e3o pense que, por causa disso, o custo da prote\u00e7\u00e3o ao seu patrim\u00f4nio ser\u00e1 exorbitante. O seguro residencial \u00e9 barato, tem excelente custo-benef\u00edcio e seu valor n\u00e3o chega a 1% do valor do im\u00f3vel.<\/h4>\n<h1>Ligue agora: (41) 98809-7292<\/h1>\n<\/div>\n","protected":false},"excerpt":{"rendered":"<p>S\u00f3 o Seguro do condom\u00ednio n\u00e3o \u00e9 suficiente! Fa\u00e7a seguro residencial Seguro para condom\u00ednios \u00e9 obrigat\u00f3rio, mas moradores n\u00e3o devem abrir m\u00e3o do seguro residencial, veja porqu\u00ea. O seguro condom\u00ednio \u00e9 obrigat\u00f3rio no Brasil para todos os condom\u00ednios residenciais, comerciais e mistos, e os cond\u00f4minos dividem seus custos. A Lei exige prote\u00e7\u00e3o contra inc\u00eandio e &hellip;<\/p>\n<p class=\"read-more\"> <a class=\"\" href=\"https:\/\/jeancamillo.com.br\/seguros\/condominio\/\"> <span class=\"screen-reader-text\">Condom\u00ednio<\/span> Leia mais &raquo;<\/a><\/p>\n","protected":false},"author":1,"featured_media":0,"parent":0,"menu_order":4,"comment_status":"closed","ping_status":"closed","template":"","meta":{"site-sidebar-layout":"default","site-content-layout":"default","ast-global-header-display":"","ast-banner-title-visibility":"","ast-main-header-display":"","ast-hfb-above-header-display":"","ast-hfb-below-header-display":"","ast-hfb-mobile-header-display":"","site-post-title":"","ast-breadcrumbs-content":"","ast-featured-img":"","footer-sml-layout":"","theme-transparent-header-meta":"default","adv-header-id-meta":"","stick-header-meta":"","header-above-stick-meta":"","header-main-stick-meta":"","header-below-stick-meta":"","ngg_post_thumbnail":0,"footnotes":""},"class_list":["post-430","page","type-page","status-publish","hentry"],"_links":{"self":[{"href":"https:\/\/jeancamillo.com.br\/seguros\/wp-json\/wp\/v2\/pages\/430","targetHints":{"allow":["GET"]}}],"collection":[{"href":"https:\/\/jeancamillo.com.br\/seguros\/wp-json\/wp\/v2\/pages"}],"about":[{"href":"https:\/\/jeancamillo.com.br\/seguros\/wp-json\/wp\/v2\/types\/page"}],"author":[{"embeddable":true,"href":"https:\/\/jeancamillo.com.br\/seguros\/wp-json\/wp\/v2\/users\/1"}],"replies":[{"embeddable":true,"href":"https:\/\/jeancamillo.com.br\/seguros\/wp-json\/wp\/v2\/comments?post=430"}],"version-history":[{"count":16,"href":"https:\/\/jeancamillo.com.br\/seguros\/wp-json\/wp\/v2\/pages\/430\/revisions"}],"predecessor-version":[{"id":1023,"href":"https:\/\/jeancamillo.com.br\/seguros\/wp-json\/wp\/v2\/pages\/430\/revisions\/1023"}],"wp:attachment":[{"href":"https:\/\/jeancamillo.com.br\/seguros\/wp-json\/wp\/v2\/media?parent=430"}],"curies":[{"name":"wp","href":"https:\/\/api.w.org\/{rel}","templated":true}]}}