{"id":35,"date":"2015-10-15T17:19:43","date_gmt":"2015-10-15T20:19:43","guid":{"rendered":"https:\/\/jeancamillo.com.br\/seguros\/?page_id=35"},"modified":"2023-05-23T00:18:14","modified_gmt":"2023-05-23T03:18:14","slug":"seguros-de-vida","status":"publish","type":"page","link":"https:\/\/jeancamillo.com.br\/seguros\/seguros-de-vida\/","title":{"rendered":"Seguros de Vida"},"content":{"rendered":"\n<table class=\"wp-block-table aligncenter\" ;=\"\" onmouseup=\"RemoveSelection()\" onselectstart=\"return false\"><tbody>\n<tr>\n<td width=\"50%\">\n<\/br>\n<img decoding=\"async\" heigth=\"150\" align=\"center\" src=\"https:\/\/jeancamillo.com.br\/seguros\/wp-content\/uploads\/2015\/10\/braface.jpg\">\n  \n<h1 align=\"center\"> &#8212;&#8212;&#8212;&#8212;&#8212;&#8212;&#8212;-&gt;<\/h1> \n<h1>Informe seus dados para cota\u00e7\u00e3o<br>\nou ligue: (41) 98809-7292<\/h1>  \n<\/td>\n\n<td width=\"50%\"> \n<img decoding=\"async\" src=\"https:\/\/www.bradescoseguros.com.br\/wcm\/connect\/6f5938fc-7a37-4447-a875-57195073041a\/desktop\/beneficios-do-mar-agua-salgada-para-saude1400x650.png?MOD=AJPERES&#038;CACHEID=ROOTWORKSPACE-6f5938fc-7a37-4447-a875-57195073041a-desktop-ouVrmci\" alt=\"\" style=\"width: 90%;\"> \n\n<center>\n<div class=\"wpforms-container wpforms-container-full wpforms-render-modern\" id=\"wpforms-2186\"><form id=\"wpforms-form-2186\" class=\"wpforms-validate wpforms-form wpforms-ajax-form\" data-formid=\"2186\" method=\"post\" enctype=\"multipart\/form-data\" action=\"\/seguros\/wp-json\/wp\/v2\/pages\/35\" data-token=\"d60c1e4493027bc85a0a20aa4311d817\"><noscript class=\"wpforms-error-noscript\">Ative o JavaScript no seu navegador para preencher este formul\u00e1rio.<\/noscript><div class=\"wpforms-hidden\" id=\"wpforms-error-noscript\">Ative o JavaScript no seu navegador para preencher este formul\u00e1rio.<\/div><div class=\"wpforms-field-container\"><div id=\"wpforms-2186-field_1-container\" class=\"wpforms-field wpforms-field-text\" data-field-id=\"1\"><label class=\"wpforms-field-label\" for=\"wpforms-2186-field_1\">Nome <span class=\"wpforms-required-label\" aria-hidden=\"true\">*<\/span><\/label><input type=\"text\" id=\"wpforms-2186-field_1\" class=\"wpforms-field-medium wpforms-field-required\" name=\"wpforms[fields][1]\" aria-errormessage=\"wpforms-2186-field_1-error\" required><\/div><div id=\"wpforms-2186-field_2-container\" class=\"wpforms-field wpforms-field-text\" data-field-id=\"2\"><label class=\"wpforms-field-label\" for=\"wpforms-2186-field_2\">Data de Nascimento <span class=\"wpforms-required-label\" aria-hidden=\"true\">*<\/span><\/label><input type=\"text\" id=\"wpforms-2186-field_2\" class=\"wpforms-field-medium wpforms-field-required\" name=\"wpforms[fields][2]\" aria-errormessage=\"wpforms-2186-field_2-error\" required><\/div><div id=\"wpforms-2186-field_3-container\" class=\"wpforms-field wpforms-field-text\" data-field-id=\"3\"><label class=\"wpforms-field-label\" for=\"wpforms-2186-field_3\">Valor de cobertura de vida desejada? <span class=\"wpforms-required-label\" aria-hidden=\"true\">*<\/span><\/label><input type=\"text\" id=\"wpforms-2186-field_3\" class=\"wpforms-field-medium wpforms-field-required\" name=\"wpforms[fields][3]\" aria-errormessage=\"wpforms-2186-field_3-error\" required><\/div><div id=\"wpforms-2186-field_4-container\" class=\"wpforms-field wpforms-field-text\" data-field-id=\"4\"><label class=\"wpforms-field-label\" for=\"wpforms-2186-field_4\">Telefone \/ Whatsapp <span class=\"wpforms-required-label\" aria-hidden=\"true\">*<\/span><\/label><input type=\"text\" id=\"wpforms-2186-field_4\" class=\"wpforms-field-medium wpforms-field-required\" name=\"wpforms[fields][4]\" aria-errormessage=\"wpforms-2186-field_4-error\" required><\/div><div id=\"wpforms-2186-field_5-container\" class=\"wpforms-field wpforms-field-text\" data-field-id=\"5\"><label class=\"wpforms-field-label\" for=\"wpforms-2186-field_5\">Tem CNPJ ? <span class=\"wpforms-required-label\" aria-hidden=\"true\">*<\/span><\/label><input type=\"text\" id=\"wpforms-2186-field_5\" class=\"wpforms-field-medium wpforms-field-required\" name=\"wpforms[fields][5]\" aria-errormessage=\"wpforms-2186-field_5-error\" required><\/div><div id=\"wpforms-2186-field_7-container\" class=\"wpforms-field wpforms-field-select wpforms-field-select-style-classic\" data-field-id=\"7\"><label class=\"wpforms-field-label\" for=\"wpforms-2186-field_7\">Deseja cota\u00e7\u00e3o para mais pessoas?<\/label><select id=\"wpforms-2186-field_7\" class=\"wpforms-field-medium\" name=\"wpforms[fields][7]\"><option value=\"Sim\" >Sim<\/option><option value=\"N\u00e3o\" >N\u00e3o<\/option><\/select><\/div><\/div><!-- .wpforms-field-container --><div class=\"wpforms-submit-container\" ><input type=\"hidden\" name=\"wpforms[id]\" value=\"2186\"><input type=\"hidden\" name=\"wpforms[author]\" value=\"1\"><button type=\"submit\" name=\"wpforms[submit]\" id=\"wpforms-submit-2186\" class=\"wpforms-submit\" data-alt-text=\"Enviando\u2026\" data-submit-text=\"Enviar\" aria-live=\"assertive\" value=\"wpforms-submit\">Enviar<\/button><img decoding=\"async\" src=\"https:\/\/jeancamillo.com.br\/seguros\/wp-content\/plugins\/wpforms-lite\/assets\/images\/submit-spin.svg\" class=\"wpforms-submit-spinner\" style=\"display: none;\" width=\"26\" height=\"26\" alt=\"A Carregar\"><\/div><\/form><\/div>  <!-- .wpforms-container -->\n<\/center>\n<\/td><\/tr><\/tbody><\/table>\n\n\n\n<h3 class=\"wp-block-heading\" align=\"center\">A seguran\u00e7a de nossa fam\u00edlia \u00e9 o que nos move do inicio ao fim.<br>Se seu investimento \u00e9 alto em bens materiais, nada se compara em valor ao seu maior Bem! Sua Fam\u00edlia.<\/h3>\n","protected":false},"excerpt":{"rendered":"<p>&#8212;&#8212;&#8212;&#8212;&#8212;&#8212;&#8212;-&gt; Informe seus dados para cota\u00e7\u00e3o ou ligue: (41) 98809-7292 A seguran\u00e7a de nossa fam\u00edlia \u00e9 o que nos move do inicio ao fim.Se seu investimento \u00e9 alto em bens materiais, nada se compara em valor ao seu maior Bem! Sua Fam\u00edlia.<\/p>\n","protected":false},"author":1,"featured_media":0,"parent":0,"menu_order":3,"comment_status":"closed","ping_status":"closed","template":"","meta":{"site-sidebar-layout":"no-sidebar","site-content-layout":"plain-container","ast-global-header-display":"","ast-banner-title-visibility":"","ast-main-header-display":"","ast-hfb-above-header-display":"","ast-hfb-below-header-display":"","ast-hfb-mobile-header-display":"","site-post-title":"","ast-breadcrumbs-content":"","ast-featured-img":"","footer-sml-layout":"","theme-transparent-header-meta":"default","adv-header-id-meta":"","stick-header-meta":"","header-above-stick-meta":"","header-main-stick-meta":"","header-below-stick-meta":"","ngg_post_thumbnail":0,"footnotes":""},"class_list":["post-35","page","type-page","status-publish","hentry"],"_links":{"self":[{"href":"https:\/\/jeancamillo.com.br\/seguros\/wp-json\/wp\/v2\/pages\/35","targetHints":{"allow":["GET"]}}],"collection":[{"href":"https:\/\/jeancamillo.com.br\/seguros\/wp-json\/wp\/v2\/pages"}],"about":[{"href":"https:\/\/jeancamillo.com.br\/seguros\/wp-json\/wp\/v2\/types\/page"}],"author":[{"embeddable":true,"href":"https:\/\/jeancamillo.com.br\/seguros\/wp-json\/wp\/v2\/users\/1"}],"replies":[{"embeddable":true,"href":"https:\/\/jeancamillo.com.br\/seguros\/wp-json\/wp\/v2\/comments?post=35"}],"version-history":[{"count":75,"href":"https:\/\/jeancamillo.com.br\/seguros\/wp-json\/wp\/v2\/pages\/35\/revisions"}],"predecessor-version":[{"id":2197,"href":"https:\/\/jeancamillo.com.br\/seguros\/wp-json\/wp\/v2\/pages\/35\/revisions\/2197"}],"wp:attachment":[{"href":"https:\/\/jeancamillo.com.br\/seguros\/wp-json\/wp\/v2\/media?parent=35"}],"curies":[{"name":"wp","href":"https:\/\/api.w.org\/{rel}","templated":true}]}}