{"id":23,"date":"2018-11-17T23:19:10","date_gmt":"2018-11-18T01:19:10","guid":{"rendered":"https:\/\/jeancamillo.com.br\/fotos\/?page_id=23"},"modified":"2019-06-11T12:48:05","modified_gmt":"2019-06-11T15:48:05","slug":"viodeos","status":"publish","type":"page","link":"https:\/\/jeancamillo.com.br\/fotos\/viodeos\/","title":{"rendered":"Videos"},"content":{"rendered":"\n<p style=\"font-size:30px\">VIDEOSCLIPES &#8211; Produzimos o v\u00eddeoclipe de recorda\u00e7\u00e3o para seu evento!<\/p>\n\n\n\n<div class=\"videos\" align=\"center\">\n\n<iframe loading=\"lazy\" width=\"560\" height=\"315\" src=\"https:\/\/www.youtube.com\/embed\/JgXplzRJKAQ\" frameborder=\"0\" allow=\"accelerometer; autoplay; encrypted-media; gyroscope; picture-in-picture\" allowfullscreen=\"\"><\/iframe>\n\n<iframe loading=\"lazy\" width=\"560\" height=\"315\" src=\"https:\/\/www.youtube.com\/embed\/U4tBBt_XQ6Q\" frameborder=\"0\" allow=\"accelerometer; autoplay; encrypted-media; gyroscope; picture-in-picture\" allowfullscreen=\"\"><\/iframe>\n\n<iframe loading=\"lazy\" width=\"560\" height=\"315\" src=\"https:\/\/www.youtube.com\/embed\/jlc4VBII6ds\" frameborder=\"0\" allow=\"accelerometer; autoplay; encrypted-media; gyroscope; picture-in-picture\" allowfullscreen=\"\"><\/iframe>\n\n<iframe loading=\"lazy\" width=\"560\" height=\"315\" src=\"https:\/\/www.youtube.com\/embed\/yS5gR3o_LYY\" frameborder=\"0\" allow=\"accelerometer; autoplay; encrypted-media; gyroscope; picture-in-picture\" allowfullscreen=\"\"><\/iframe>\n\n<\/div>\n","protected":false},"excerpt":{"rendered":"<p>VIDEOSCLIPES &#8211; Produzimos o v\u00eddeoclipe de recorda\u00e7\u00e3o para seu evento!<\/p>\n","protected":false},"author":1,"featured_media":0,"parent":0,"menu_order":10,"comment_status":"closed","ping_status":"closed","template":"","meta":{"ngg_post_thumbnail":0},"_links":{"self":[{"href":"https:\/\/jeancamillo.com.br\/fotos\/wp-json\/wp\/v2\/pages\/23"}],"collection":[{"href":"https:\/\/jeancamillo.com.br\/fotos\/wp-json\/wp\/v2\/pages"}],"about":[{"href":"https:\/\/jeancamillo.com.br\/fotos\/wp-json\/wp\/v2\/types\/page"}],"author":[{"embeddable":true,"href":"https:\/\/jeancamillo.com.br\/fotos\/wp-json\/wp\/v2\/users\/1"}],"replies":[{"embeddable":true,"href":"https:\/\/jeancamillo.com.br\/fotos\/wp-json\/wp\/v2\/comments?post=23"}],"version-history":[{"count":11,"href":"https:\/\/jeancamillo.com.br\/fotos\/wp-json\/wp\/v2\/pages\/23\/revisions"}],"predecessor-version":[{"id":2769,"href":"https:\/\/jeancamillo.com.br\/fotos\/wp-json\/wp\/v2\/pages\/23\/revisions\/2769"}],"wp:attachment":[{"href":"https:\/\/jeancamillo.com.br\/fotos\/wp-json\/wp\/v2\/media?parent=23"}],"curies":[{"name":"wp","href":"https:\/\/api.w.org\/{rel}","templated":true}]}}