{"id":15,"date":"2018-11-17T23:18:09","date_gmt":"2018-11-18T01:18:09","guid":{"rendered":"https:\/\/jeancamillo.com.br\/fotos\/?page_id=15"},"modified":"2019-07-03T02:23:36","modified_gmt":"2019-07-03T05:23:36","slug":"casamentos","status":"publish","type":"page","link":"https:\/\/jeancamillo.com.br\/fotos\/casamentos\/","title":{"rendered":"CASAMENTOS"},"content":{"rendered":"\n<style>\n.alignnone {\nwidth: 250px;\nheight: 200px;\n<\/style>\n\n<div align=\"center\">\n<a href=\"https:\/\/jeancamillo.com.br\/fotos\/casamento-comunitario-psj\/\" target=\"_blank\" rel=\"noopener noreferrer\">\n<img loading=\"lazy\" img class=\"alignnone\" src=\"https:\/\/jeancamillo.com.br\/fotos\/wp-content\/gallery\/casamento-comunitario-psj\/1-7.jpg\" alt=\"CC-PSJ\" width=\"300\" height=\"150\">\n<\/a>\n\n<a href=\"https:\/\/jeancamillo.com.br\/fotos\/bodas-de-ouro-misael-e-marlene\/\" target=\"_blank\" rel=\"noopener noreferrer\">\n<img loading=\"lazy\" img class=\"alignnone\" src=\"https:\/\/jeancamillo.com.br\/fotos\/wp-content\/gallery\/bodas-de-ouro-misael-e-marlene\/1-88.jpg\" alt=\"Bodas-de-ouro\" width=\"\" height=\"150px\">\n\n\n<a href=\"https:\/\/jeancamillo.com.br\/fotos\/casamento-rosana-e-fernando\/\" target=\"_blank\" rel=\"noopener noreferrer\">\n<img loading=\"lazy\" img class=\"alignnone\" src=\"https:\/\/jeancamillo.com.br\/fotos\/wp-content\/gallery\/casamento-rosana-e-fernando\/1947867_668415576555136_277607851_n_668415576555136.jpg\" alt=\"FERNANDO E ROSANA\" width=\"\" height=\"150px\"><\/a>\n\n<a href=\"https:\/\/jeancamillo.com.br\/fotos\/casamento-de-wagner-e-anne\/\" target=\"_blank\" rel=\"noopener noreferrer\"><img class=\"alignnone\" src=\"https:\/\/jeancamillo.com.br\/fotos\/wp-content\/gallery\/wagner-e-anne\/1966870_799746803422012_4365214014031598259_n_799746803422012.jpg\" alt=\"Wagner e Anne\">\n\n<a href=\"https:\/\/jeancamillo.com.br\/fotos\/casamento-jose-e-val\/\" target=\"_blank\" rel=\"noopener noreferrer\"><img loading=\"lazy\" img class=\"alignnone\" src=\"https:\/\/jeancamillo.com.br\/fotos\/wp-content\/gallery\/casamento-jose-e-val\/22549690_10214781904083937_8642524705580266733_n_10214781904083937.jpg\" alt=\"Jos\u00e9 e Val\" width=\"150\" height=\"150px\"><\/a>\n\n<a href=\"https:\/\/jeancamillo.com.br\/fotos\/casamentos-psj\/\" target=\"_blank\" rel=\"noopener noreferrer\"><img loading=\"lazy\" img class=\"alignnone\" src=\"https:\/\/jeancamillo.com.br\/fotos\/wp-content\/gallery\/casamentos\/3437_10202383993663925_804944304_n_10202383993663925.jpg\" alt=\"Casamentos PSJ\" width=\"\" height=\"150px\"><\/a>\n<\/div>\n<\/br>\n\n\n\n<\/br>\n<table class=\"wp-block-table alignwide\"><tbody><tr><td> <strong>Fotos de casamento \u00e9 muito mais complexo do que simples fotos do celular ou c\u00e2meras n\u00e3o profissionais!  <\/strong><br><strong>A velocidade e clareza de um equipamento profissional reflete o momento do sacramento. Um momento perdido n\u00e3o volta nunca mais! <\/strong><br><strong>Por isso tenha cuidado com seu momento \u00fanico, contrate profissionais qualificados e respons\u00e1veis para entregar o melhor. <\/strong><br><strong>O sacramento do matrim\u00f4nio \u00e9 um momento crist\u00e3o onde \u00e9 necess\u00e1rio conhecer os rituais e cada momento da celebra\u00e7\u00e3o, nossa equipe est\u00e1 preparada e \u00e9 conhecedora de todo o processo e momentos do rito para registrar seus melhores momentos.<\/strong><br><\/td><\/tr><\/tbody><\/table>\n","protected":false},"excerpt":{"rendered":"<p>Fotos de casamento \u00e9 muito mais complexo do que simples fotos do celular ou c\u00e2meras n\u00e3o profissionais! A velocidade e clareza de um equipamento profissional reflete o momento do sacramento. Um momento perdido n\u00e3o volta nunca mais! Por isso tenha cuidado com seu momento \u00fanico, contrate profissionais qualificados e respons\u00e1veis para entregar o melhor. O &hellip;<\/p>\n<p class=\"read-more\"> <a class=\"\" href=\"https:\/\/jeancamillo.com.br\/fotos\/casamentos\/\"> <span class=\"screen-reader-text\">CASAMENTOS<\/span> Read More &raquo;<\/a><\/p>\n","protected":false},"author":1,"featured_media":0,"parent":0,"menu_order":4,"comment_status":"closed","ping_status":"closed","template":"","meta":{"ngg_post_thumbnail":0},"_links":{"self":[{"href":"https:\/\/jeancamillo.com.br\/fotos\/wp-json\/wp\/v2\/pages\/15"}],"collection":[{"href":"https:\/\/jeancamillo.com.br\/fotos\/wp-json\/wp\/v2\/pages"}],"about":[{"href":"https:\/\/jeancamillo.com.br\/fotos\/wp-json\/wp\/v2\/types\/page"}],"author":[{"embeddable":true,"href":"https:\/\/jeancamillo.com.br\/fotos\/wp-json\/wp\/v2\/users\/1"}],"replies":[{"embeddable":true,"href":"https:\/\/jeancamillo.com.br\/fotos\/wp-json\/wp\/v2\/comments?post=15"}],"version-history":[{"count":71,"href":"https:\/\/jeancamillo.com.br\/fotos\/wp-json\/wp\/v2\/pages\/15\/revisions"}],"predecessor-version":[{"id":3401,"href":"https:\/\/jeancamillo.com.br\/fotos\/wp-json\/wp\/v2\/pages\/15\/revisions\/3401"}],"wp:attachment":[{"href":"https:\/\/jeancamillo.com.br\/fotos\/wp-json\/wp\/v2\/media?parent=15"}],"curies":[{"name":"wp","href":"https:\/\/api.w.org\/{rel}","templated":true}]}}